{"id":18,"date":"2017-10-09T11:36:56","date_gmt":"2017-10-09T11:36:56","guid":{"rendered":"http:\/\/tenerifeinmob.com\/?page_id=18"},"modified":"2017-11-09T10:54:12","modified_gmt":"2017-11-09T10:54:12","slug":"acerca-de","status":"publish","type":"page","link":"http:\/\/tenerifeinmob.com\/index.php\/acerca-de\/","title":{"rendered":"Acerca de"},"content":{"rendered":"<p>Servicios inmobiliarios multiling\u00fces en Tenerife, Islas Canarias &#8211; Espa\u00f1a.<\/p>\n<p>Multilingual Real Estate Services in Tenerife, Canary Islands &#8211; Spain.<\/p>\n<p>Services immobiliers multilingues \u00e1 T\u00e9n\u00e9riffe, \u00celes Canaries &#8211; Espagne.<\/p>\n<p>Mehrsprachige Immobiliendienstleistungen in Teneriffa, Kanarische Inseln &#8211; Spanien.<\/p>\n","protected":false},"excerpt":{"rendered":"<p>Servicios inmobiliarios multiling\u00fces en Tenerife, Islas Canarias &#8211; Espa\u00f1a. Multilingual Real Estate Services in Tenerife, Canary Islands &#8211; Spain. Services immobiliers multilingues \u00e1 T\u00e9n\u00e9riffe, \u00celes Canaries &#8211; Espagne. Mehrsprachige Immobiliendienstleistungen in Teneriffa, Kanarische Inseln &#8211; Spanien.<\/p>\n","protected":false},"author":3,"featured_media":0,"parent":0,"menu_order":0,"comment_status":"closed","ping_status":"closed","template":"","meta":{"footnotes":""},"class_list":["post-18","page","type-page","status-publish","hentry"],"yoast_head":"<!-- This site is optimized with the Yoast SEO plugin v27.4 - https:\/\/yoast.com\/product\/yoast-seo-wordpress\/ -->\n<title>Acerca de - Tenerife Inmob Properties<\/title>\n<meta name=\"robots\" content=\"index, follow, max-snippet:-1, max-image-preview:large, max-video-preview:-1\" \/>\n<link rel=\"canonical\" href=\"https:\/\/tenerifeinmob.com\/index.php\/acerca-de\/\" \/>\n<meta property=\"og:locale\" content=\"es_ES\" \/>\n<meta property=\"og:type\" content=\"article\" \/>\n<meta property=\"og:title\" content=\"Acerca de - Tenerife Inmob Properties\" \/>\n<meta property=\"og:description\" content=\"Servicios inmobiliarios multiling\u00fces en Tenerife, Islas Canarias &#8211; Espa\u00f1a. Multilingual Real Estate Services in Tenerife, Canary Islands &#8211; Spain. Services immobiliers multilingues \u00e1 T\u00e9n\u00e9riffe, \u00celes Canaries &#8211; Espagne. Mehrsprachige Immobiliendienstleistungen in Teneriffa, Kanarische Inseln &#8211; Spanien.\" \/>\n<meta property=\"og:url\" content=\"https:\/\/tenerifeinmob.com\/index.php\/acerca-de\/\" \/>\n<meta property=\"og:site_name\" content=\"Tenerife Inmob Properties\" \/>\n<meta property=\"article:modified_time\" content=\"2017-11-09T10:54:12+00:00\" \/>\n<meta name=\"twitter:card\" content=\"summary_large_image\" \/>\n<script type=\"application\/ld+json\" class=\"yoast-schema-graph\">{\"@context\":\"https:\\\/\\\/schema.org\",\"@graph\":[{\"@type\":\"WebPage\",\"@id\":\"https:\\\/\\\/tenerifeinmob.com\\\/index.php\\\/acerca-de\\\/\",\"url\":\"https:\\\/\\\/tenerifeinmob.com\\\/index.php\\\/acerca-de\\\/\",\"name\":\"Acerca de - Tenerife Inmob Properties\",\"isPartOf\":{\"@id\":\"http:\\\/\\\/tenerifeinmob.com\\\/#website\"},\"datePublished\":\"2017-10-09T11:36:56+00:00\",\"dateModified\":\"2017-11-09T10:54:12+00:00\",\"breadcrumb\":{\"@id\":\"https:\\\/\\\/tenerifeinmob.com\\\/index.php\\\/acerca-de\\\/#breadcrumb\"},\"inLanguage\":\"es\",\"potentialAction\":[{\"@type\":\"ReadAction\",\"target\":[\"https:\\\/\\\/tenerifeinmob.com\\\/index.php\\\/acerca-de\\\/\"]}]},{\"@type\":\"BreadcrumbList\",\"@id\":\"https:\\\/\\\/tenerifeinmob.com\\\/index.php\\\/acerca-de\\\/#breadcrumb\",\"itemListElement\":[{\"@type\":\"ListItem\",\"position\":1,\"name\":\"Portada\",\"item\":\"http:\\\/\\\/tenerifeinmob.com\\\/\"},{\"@type\":\"ListItem\",\"position\":2,\"name\":\"Acerca de\"}]},{\"@type\":\"WebSite\",\"@id\":\"http:\\\/\\\/tenerifeinmob.com\\\/#website\",\"url\":\"http:\\\/\\\/tenerifeinmob.com\\\/\",\"name\":\"Tenerife Inmob Properties\",\"description\":\"\",\"potentialAction\":[{\"@type\":\"SearchAction\",\"target\":{\"@type\":\"EntryPoint\",\"urlTemplate\":\"http:\\\/\\\/tenerifeinmob.com\\\/?s={search_term_string}\"},\"query-input\":{\"@type\":\"PropertyValueSpecification\",\"valueRequired\":true,\"valueName\":\"search_term_string\"}}],\"inLanguage\":\"es\"}]}<\/script>\n<!-- \/ Yoast SEO plugin. -->","yoast_head_json":{"title":"Acerca de - Tenerife Inmob Properties","robots":{"index":"index","follow":"follow","max-snippet":"max-snippet:-1","max-image-preview":"max-image-preview:large","max-video-preview":"max-video-preview:-1"},"canonical":"https:\/\/tenerifeinmob.com\/index.php\/acerca-de\/","og_locale":"es_ES","og_type":"article","og_title":"Acerca de - Tenerife Inmob Properties","og_description":"Servicios inmobiliarios multiling\u00fces en Tenerife, Islas Canarias &#8211; Espa\u00f1a. Multilingual Real Estate Services in Tenerife, Canary Islands &#8211; Spain. Services immobiliers multilingues \u00e1 T\u00e9n\u00e9riffe, \u00celes Canaries &#8211; Espagne. Mehrsprachige Immobiliendienstleistungen in Teneriffa, Kanarische Inseln &#8211; Spanien.","og_url":"https:\/\/tenerifeinmob.com\/index.php\/acerca-de\/","og_site_name":"Tenerife Inmob Properties","article_modified_time":"2017-11-09T10:54:12+00:00","twitter_card":"summary_large_image","schema":{"@context":"https:\/\/schema.org","@graph":[{"@type":"WebPage","@id":"https:\/\/tenerifeinmob.com\/index.php\/acerca-de\/","url":"https:\/\/tenerifeinmob.com\/index.php\/acerca-de\/","name":"Acerca de - Tenerife Inmob Properties","isPartOf":{"@id":"http:\/\/tenerifeinmob.com\/#website"},"datePublished":"2017-10-09T11:36:56+00:00","dateModified":"2017-11-09T10:54:12+00:00","breadcrumb":{"@id":"https:\/\/tenerifeinmob.com\/index.php\/acerca-de\/#breadcrumb"},"inLanguage":"es","potentialAction":[{"@type":"ReadAction","target":["https:\/\/tenerifeinmob.com\/index.php\/acerca-de\/"]}]},{"@type":"BreadcrumbList","@id":"https:\/\/tenerifeinmob.com\/index.php\/acerca-de\/#breadcrumb","itemListElement":[{"@type":"ListItem","position":1,"name":"Portada","item":"http:\/\/tenerifeinmob.com\/"},{"@type":"ListItem","position":2,"name":"Acerca de"}]},{"@type":"WebSite","@id":"http:\/\/tenerifeinmob.com\/#website","url":"http:\/\/tenerifeinmob.com\/","name":"Tenerife Inmob Properties","description":"","potentialAction":[{"@type":"SearchAction","target":{"@type":"EntryPoint","urlTemplate":"http:\/\/tenerifeinmob.com\/?s={search_term_string}"},"query-input":{"@type":"PropertyValueSpecification","valueRequired":true,"valueName":"search_term_string"}}],"inLanguage":"es"}]}},"_links":{"self":[{"href":"http:\/\/tenerifeinmob.com\/index.php\/wp-json\/wp\/v2\/pages\/18","targetHints":{"allow":["GET"]}}],"collection":[{"href":"http:\/\/tenerifeinmob.com\/index.php\/wp-json\/wp\/v2\/pages"}],"about":[{"href":"http:\/\/tenerifeinmob.com\/index.php\/wp-json\/wp\/v2\/types\/page"}],"author":[{"embeddable":true,"href":"http:\/\/tenerifeinmob.com\/index.php\/wp-json\/wp\/v2\/users\/3"}],"replies":[{"embeddable":true,"href":"http:\/\/tenerifeinmob.com\/index.php\/wp-json\/wp\/v2\/comments?post=18"}],"version-history":[{"count":5,"href":"http:\/\/tenerifeinmob.com\/index.php\/wp-json\/wp\/v2\/pages\/18\/revisions"}],"predecessor-version":[{"id":636,"href":"http:\/\/tenerifeinmob.com\/index.php\/wp-json\/wp\/v2\/pages\/18\/revisions\/636"}],"wp:attachment":[{"href":"http:\/\/tenerifeinmob.com\/index.php\/wp-json\/wp\/v2\/media?parent=18"}],"curies":[{"name":"wp","href":"https:\/\/api.w.org\/{rel}","templated":true}]}}