{"id":19,"date":"2017-10-09T11:36:56","date_gmt":"2017-10-09T11:36:56","guid":{"rendered":"http:\/\/tenerifeinmob.com\/?page_id=19"},"modified":"2023-06-27T20:00:56","modified_gmt":"2023-06-27T20:00:56","slug":"contacto","status":"publish","type":"page","link":"http:\/\/tenerifeinmob.com\/index.php\/contacto\/","title":{"rendered":"Contacto"},"content":{"rendered":"\n<div class=\"wpcf7 no-js\" id=\"wpcf7-f40-o1\" lang=\"es-ES\" dir=\"ltr\" data-wpcf7-id=\"40\">\n<div class=\"screen-reader-response\"><p role=\"status\" aria-live=\"polite\" aria-atomic=\"true\"><\/p> <ul><\/ul><\/div>\n<form action=\"\/index.php\/wp-json\/wp\/v2\/pages\/19#wpcf7-f40-o1\" method=\"post\" class=\"wpcf7-form init\" aria-label=\"Formulario de contacto\" novalidate=\"novalidate\" data-status=\"init\">\n<fieldset class=\"hidden-fields-container\"><input type=\"hidden\" name=\"_wpcf7\" value=\"40\" \/><input type=\"hidden\" name=\"_wpcf7_version\" value=\"6.1.5\" \/><input type=\"hidden\" name=\"_wpcf7_locale\" value=\"es_ES\" \/><input type=\"hidden\" name=\"_wpcf7_unit_tag\" value=\"wpcf7-f40-o1\" \/><input type=\"hidden\" name=\"_wpcf7_container_post\" value=\"0\" \/><input type=\"hidden\" name=\"_wpcf7_posted_data_hash\" value=\"\" \/><input type=\"hidden\" name=\"_wpcf7_recaptcha_response\" value=\"\" \/>\n<\/fieldset>\n<label> Nombre (requerido)\n    <div class=\"form-group your-name\"><input class=\"wpcf7-form-control wpcf7-text wpcf7-validates-as-required form-control\" name=\"your-name\" type=\"text\" value=\"\" aria-invalid=\"false\" aria-required=\"true\" required><\/div> <\/label>\n\n<label> Tu correo electr\u00f3nico (requerido)\n    <div class=\"form-group your-email\"><input class=\"wpcf7-form-control wpcf7-email wpcf7-validates-as-required wpcf7-text wpcf7-validates-as-email form-control\" name=\"your-email\" type=\"email\" value=\"\" aria-invalid=\"false\" aria-required=\"true\" required><\/div> <\/label>\n\n<br>\n\n<label> Asunto\n    <div class=\"form-group your-subject\"><input class=\"wpcf7-form-control wpcf7-text form-control\" name=\"your-subject\" type=\"text\" value=\"\" aria-invalid=\"false\"><\/div> <\/label>\n\n<br>\n\n<label> Mensaje (requerido)\n    <div class=\"form-group your-message\"><textarea class=\"wpcf7-form-control wpcf7-textarea wpcf7-validates-as-required form-control\" name=\"your-message\" rows=\"4\" aria-invalid=\"false\" aria-required=\"true\" required><\/textarea><\/div> <\/label>\n\n<br>\n<div class=\"form-group wpcf7-form-control wpcf7-acceptance acceptance-596\"><div class=\"checkbox wpcf7-form-control wpcf7-acceptance acceptance-596\"><label ><input name=\"acceptance-596\" type=\"checkbox\" value=\"1\" aria-invalid=\"false\">Acepto que me ofrezcan productos y servicios relacionados con los contratados y fidelizarme como cliente<\/label><\/div><\/div>\n\n<br>\n\n\n\n\n\n<div class=\"form-group\"><div><input class=\"wpcf7-form-control wpcf7-submit btn btn-primary\" type=\"submit\" value=\"Enviar\"><\/div><\/div><p style=\"display: none !important;\" class=\"akismet-fields-container\" data-prefix=\"_wpcf7_ak_\"><label>&#916;<textarea name=\"_wpcf7_ak_hp_textarea\" cols=\"45\" rows=\"8\" maxlength=\"100\"><\/textarea><\/label><input type=\"hidden\" id=\"ak_js_1\" name=\"_wpcf7_ak_js\" value=\"198\"\/><script>document.getElementById( \"ak_js_1\" ).setAttribute( \"value\", ( new Date() ).getTime() );<\/script><\/p><div class=\"wpcf7-response-output alert alert-warning\"><\/div>\n<\/form>\n<\/div>\n\n\n\n<p>Datos del responsable del tratamiento:<br>Identidad: Yann Moinet &#8211; NIF: X1515173W<br>Direcci\u00f3n postal: Calle M\u00e9ndez N\u00fa\u00f1ez, 46. Planta 1<br>Tel\u00e9fono: 625229680 &#8211; Correo electr\u00f3nico: yann@tenerifeinmob.com<\/p>\n\n\n\n<p>En Tenerife Inmob Properties (Yann Moinet) tratamos la informaci\u00f3n que nos facilita con el fin de prestarles el servicio solicitado y realizar su facturaci\u00f3n. Los datos proporcionados se conservar\u00e1n mientras se mantenga la relaci\u00f3n comercial o durante el tiempo necesario para cumplir con las obligaciones legales y atender las posibles responsabilidades que pudieran derivar del cumplimiento de la finalidad para la que los datos fueron recabados. Los datos no se ceder\u00e1n a terceros salvo en los casos en que exista una obligaci\u00f3n legal. Usted tiene derecho a obtener informaci\u00f3n sobre si en Yann Moinet estamos tratando sus datos personales, por lo que puede ejercer sus derechos de acceso, rectificaci\u00f3n, supresi\u00f3n y portabilidad de datos y oposici\u00f3n y limitaci\u00f3n a su tratamiento ante Yann Moinet, Calle M\u00e9ndez N\u00fa\u00f1ez, 46. Planta 1 o en la direcci\u00f3n de correo electr\u00f3nico <a href=\"mailto:yann@tenerifeinmob.com\" target=\"_blank\" rel=\"noreferrer noopener\">yann@tenerifeinmob.com,<\/a> adjuntando copia de su DNI o documento equivalente. Asimismo, y especialmente si considera que no ha obtenido satisfacci\u00f3n plena en el ejercicio de sus derechos, podr\u00e1 presentar una reclamaci\u00f3n ante la autoridad nacional de control dirigi\u00e9ndose a estos efectos a la Agencia Espa\u00f1ola de Protecci\u00f3n de Datos, C\/ Jorge Juan, 6 \u2013 28001 Madrid.<br>Asimismo, solicitamos su autorizaci\u00f3n para ofrecerle productos y servicios relacionados con los contratados y fidelizarle como cliente.<\/p>\n","protected":false},"excerpt":{"rendered":"<p>Datos del responsable del tratamiento:Identidad: Yann Moinet &#8211; NIF: X1515173WDirecci\u00f3n postal: Calle M\u00e9ndez N\u00fa\u00f1ez, 46. Planta 1Tel\u00e9fono: 625229680 &#8211; Correo electr\u00f3nico: yann@tenerifeinmob.com En Tenerife Inmob Properties (Yann Moinet) tratamos la informaci\u00f3n que nos facilita con el fin de prestarles el servicio solicitado y realizar su facturaci\u00f3n. Los datos proporcionados se conservar\u00e1n mientras se mantenga la<span class=\"moretag\"><a href=\"http:\/\/tenerifeinmob.com\/index.php\/contacto\/\" class=\"btn btn-primary\">M\u00e1s info<\/a><\/span><\/p>\n","protected":false},"author":3,"featured_media":0,"parent":0,"menu_order":0,"comment_status":"closed","ping_status":"closed","template":"","meta":{"footnotes":""},"class_list":["post-19","page","type-page","status-publish","hentry"],"yoast_head":"<!-- This site is optimized with the Yoast SEO plugin v27.4 - https:\/\/yoast.com\/product\/yoast-seo-wordpress\/ -->\n<title>Contacto - Tenerife Inmob Properties<\/title>\n<meta name=\"robots\" content=\"index, follow, max-snippet:-1, max-image-preview:large, max-video-preview:-1\" \/>\n<link rel=\"canonical\" href=\"http:\/\/tenerifeinmob.com\/index.php\/contacto\/\" \/>\n<meta property=\"og:locale\" content=\"es_ES\" \/>\n<meta property=\"og:type\" content=\"article\" \/>\n<meta property=\"og:title\" content=\"Contacto - Tenerife Inmob Properties\" \/>\n<meta property=\"og:description\" content=\"Datos del responsable del tratamiento:Identidad: Yann Moinet &#8211; NIF: X1515173WDirecci\u00f3n postal: Calle M\u00e9ndez N\u00fa\u00f1ez, 46. Planta 1Tel\u00e9fono: 625229680 &#8211; Correo electr\u00f3nico: yann@tenerifeinmob.com En Tenerife Inmob Properties (Yann Moinet) tratamos la informaci\u00f3n que nos facilita con el fin de prestarles el servicio solicitado y realizar su facturaci\u00f3n. Los datos proporcionados se conservar\u00e1n mientras se mantenga laM\u00e1s info\" \/>\n<meta property=\"og:url\" content=\"http:\/\/tenerifeinmob.com\/index.php\/contacto\/\" \/>\n<meta property=\"og:site_name\" content=\"Tenerife Inmob Properties\" \/>\n<meta property=\"article:modified_time\" content=\"2023-06-27T20:00:56+00:00\" \/>\n<meta name=\"twitter:card\" content=\"summary_large_image\" \/>\n<meta name=\"twitter:label1\" content=\"Tiempo de lectura\" \/>\n\t<meta name=\"twitter:data1\" content=\"2 minutos\" \/>\n<script type=\"application\/ld+json\" class=\"yoast-schema-graph\">{\"@context\":\"https:\\\/\\\/schema.org\",\"@graph\":[{\"@type\":\"WebPage\",\"@id\":\"http:\\\/\\\/tenerifeinmob.com\\\/index.php\\\/contacto\\\/\",\"url\":\"http:\\\/\\\/tenerifeinmob.com\\\/index.php\\\/contacto\\\/\",\"name\":\"Contacto - Tenerife Inmob Properties\",\"isPartOf\":{\"@id\":\"http:\\\/\\\/tenerifeinmob.com\\\/#website\"},\"datePublished\":\"2017-10-09T11:36:56+00:00\",\"dateModified\":\"2023-06-27T20:00:56+00:00\",\"breadcrumb\":{\"@id\":\"http:\\\/\\\/tenerifeinmob.com\\\/index.php\\\/contacto\\\/#breadcrumb\"},\"inLanguage\":\"es\",\"potentialAction\":[{\"@type\":\"ReadAction\",\"target\":[\"http:\\\/\\\/tenerifeinmob.com\\\/index.php\\\/contacto\\\/\"]}]},{\"@type\":\"BreadcrumbList\",\"@id\":\"http:\\\/\\\/tenerifeinmob.com\\\/index.php\\\/contacto\\\/#breadcrumb\",\"itemListElement\":[{\"@type\":\"ListItem\",\"position\":1,\"name\":\"Portada\",\"item\":\"http:\\\/\\\/tenerifeinmob.com\\\/\"},{\"@type\":\"ListItem\",\"position\":2,\"name\":\"Contacto\"}]},{\"@type\":\"WebSite\",\"@id\":\"http:\\\/\\\/tenerifeinmob.com\\\/#website\",\"url\":\"http:\\\/\\\/tenerifeinmob.com\\\/\",\"name\":\"Tenerife Inmob Properties\",\"description\":\"\",\"potentialAction\":[{\"@type\":\"SearchAction\",\"target\":{\"@type\":\"EntryPoint\",\"urlTemplate\":\"http:\\\/\\\/tenerifeinmob.com\\\/?s={search_term_string}\"},\"query-input\":{\"@type\":\"PropertyValueSpecification\",\"valueRequired\":true,\"valueName\":\"search_term_string\"}}],\"inLanguage\":\"es\"}]}<\/script>\n<!-- \/ Yoast SEO plugin. -->","yoast_head_json":{"title":"Contacto - Tenerife Inmob Properties","robots":{"index":"index","follow":"follow","max-snippet":"max-snippet:-1","max-image-preview":"max-image-preview:large","max-video-preview":"max-video-preview:-1"},"canonical":"http:\/\/tenerifeinmob.com\/index.php\/contacto\/","og_locale":"es_ES","og_type":"article","og_title":"Contacto - Tenerife Inmob Properties","og_description":"Datos del responsable del tratamiento:Identidad: Yann Moinet &#8211; NIF: X1515173WDirecci\u00f3n postal: Calle M\u00e9ndez N\u00fa\u00f1ez, 46. Planta 1Tel\u00e9fono: 625229680 &#8211; Correo electr\u00f3nico: yann@tenerifeinmob.com En Tenerife Inmob Properties (Yann Moinet) tratamos la informaci\u00f3n que nos facilita con el fin de prestarles el servicio solicitado y realizar su facturaci\u00f3n. Los datos proporcionados se conservar\u00e1n mientras se mantenga laM\u00e1s info","og_url":"http:\/\/tenerifeinmob.com\/index.php\/contacto\/","og_site_name":"Tenerife Inmob Properties","article_modified_time":"2023-06-27T20:00:56+00:00","twitter_card":"summary_large_image","twitter_misc":{"Tiempo de lectura":"2 minutos"},"schema":{"@context":"https:\/\/schema.org","@graph":[{"@type":"WebPage","@id":"http:\/\/tenerifeinmob.com\/index.php\/contacto\/","url":"http:\/\/tenerifeinmob.com\/index.php\/contacto\/","name":"Contacto - Tenerife Inmob Properties","isPartOf":{"@id":"http:\/\/tenerifeinmob.com\/#website"},"datePublished":"2017-10-09T11:36:56+00:00","dateModified":"2023-06-27T20:00:56+00:00","breadcrumb":{"@id":"http:\/\/tenerifeinmob.com\/index.php\/contacto\/#breadcrumb"},"inLanguage":"es","potentialAction":[{"@type":"ReadAction","target":["http:\/\/tenerifeinmob.com\/index.php\/contacto\/"]}]},{"@type":"BreadcrumbList","@id":"http:\/\/tenerifeinmob.com\/index.php\/contacto\/#breadcrumb","itemListElement":[{"@type":"ListItem","position":1,"name":"Portada","item":"http:\/\/tenerifeinmob.com\/"},{"@type":"ListItem","position":2,"name":"Contacto"}]},{"@type":"WebSite","@id":"http:\/\/tenerifeinmob.com\/#website","url":"http:\/\/tenerifeinmob.com\/","name":"Tenerife Inmob Properties","description":"","potentialAction":[{"@type":"SearchAction","target":{"@type":"EntryPoint","urlTemplate":"http:\/\/tenerifeinmob.com\/?s={search_term_string}"},"query-input":{"@type":"PropertyValueSpecification","valueRequired":true,"valueName":"search_term_string"}}],"inLanguage":"es"}]}},"_links":{"self":[{"href":"http:\/\/tenerifeinmob.com\/index.php\/wp-json\/wp\/v2\/pages\/19","targetHints":{"allow":["GET"]}}],"collection":[{"href":"http:\/\/tenerifeinmob.com\/index.php\/wp-json\/wp\/v2\/pages"}],"about":[{"href":"http:\/\/tenerifeinmob.com\/index.php\/wp-json\/wp\/v2\/types\/page"}],"author":[{"embeddable":true,"href":"http:\/\/tenerifeinmob.com\/index.php\/wp-json\/wp\/v2\/users\/3"}],"replies":[{"embeddable":true,"href":"http:\/\/tenerifeinmob.com\/index.php\/wp-json\/wp\/v2\/comments?post=19"}],"version-history":[{"count":3,"href":"http:\/\/tenerifeinmob.com\/index.php\/wp-json\/wp\/v2\/pages\/19\/revisions"}],"predecessor-version":[{"id":3259,"href":"http:\/\/tenerifeinmob.com\/index.php\/wp-json\/wp\/v2\/pages\/19\/revisions\/3259"}],"wp:attachment":[{"href":"http:\/\/tenerifeinmob.com\/index.php\/wp-json\/wp\/v2\/media?parent=19"}],"curies":[{"name":"wp","href":"https:\/\/api.w.org\/{rel}","templated":true}]}}